{"id":236,"date":"2020-01-05T22:04:29","date_gmt":"2020-01-05T21:04:29","guid":{"rendered":"http:\/\/loretahur.net\/filipinas\/?page_id=236"},"modified":"2020-01-05T22:04:29","modified_gmt":"2020-01-05T21:04:29","slug":"descargar-el-libro","status":"publish","type":"page","link":"http:\/\/loretahur.net\/filipinas\/descargar-el-libro\/","title":{"rendered":"Descargar el libro"},"content":{"rendered":"<blockquote><p>Dec\u00eda Eduardo Galeano que \u00abMucha gente peque\u00f1a, en lugares peque\u00f1os, haciendo cosas peque\u00f1as, puede cambiar el mundo\u00bb. \u00a1Gracias por ser parte del cambio!<\/p><\/blockquote>\n<p><a href=\"http:\/\/loretahur.net\/filipinas\/wp-content\/uploads\/2020\/01\/Filipinas_Tierra_de_Tifones.pdf\"><img decoding=\"async\" loading=\"lazy\" src=\"http:\/\/loretahur.net\/filipinas\/wp-content\/uploads\/2020\/01\/pdf-300x80.png\" alt=\"\" width=\"300\" height=\"80\" class=\"aligncenter size-medium wp-image-237\" srcset=\"http:\/\/loretahur.net\/filipinas\/wp-content\/uploads\/2020\/01\/pdf-300x80.png 300w, http:\/\/loretahur.net\/filipinas\/wp-content\/uploads\/2020\/01\/pdf-600x160.png 600w, http:\/\/loretahur.net\/filipinas\/wp-content\/uploads\/2020\/01\/pdf.png 623w\" sizes=\"(max-width: 300px) 100vw, 300px\" \/><\/a><\/p>\n<p><a href=\"http:\/\/loretahur.net\/filipinas\/wp-content\/uploads\/2020\/01\/Filipinas_Tierra_de_Tifones - Lorena Fernandez y complices.epub\"><img decoding=\"async\" loading=\"lazy\" src=\"http:\/\/loretahur.net\/filipinas\/wp-content\/uploads\/2020\/01\/epub1-300x79.png\" alt=\"\" width=\"300\" height=\"79\" class=\"aligncenter size-medium wp-image-238\" srcset=\"http:\/\/loretahur.net\/filipinas\/wp-content\/uploads\/2020\/01\/epub1-300x79.png 300w, http:\/\/loretahur.net\/filipinas\/wp-content\/uploads\/2020\/01\/epub1-600x159.png 600w, http:\/\/loretahur.net\/filipinas\/wp-content\/uploads\/2020\/01\/epub1.png 624w\" sizes=\"(max-width: 300px) 100vw, 300px\" \/><\/a><\/p>\n","protected":false},"excerpt":{"rendered":"<p>Dec\u00eda Eduardo Galeano que \u00abMucha gente peque\u00f1a, en lugares peque\u00f1os, haciendo cosas peque\u00f1as, puede cambiar el mundo\u00bb. \u00a1Gracias por ser parte del cambio!<\/p>\n","protected":false},"author":1,"featured_media":0,"parent":0,"menu_order":0,"comment_status":"closed","ping_status":"closed","template":"","meta":{"footnotes":"","twitterCardType":"summary","cardImageID":0,"cardImage":"","cardTitle":"","cardDesc":"","cardImageAlt":"","cardPlayer":"","cardPlayerWidth":0,"cardPlayerHeight":0,"cardPlayerStream":"","cardPlayerCodec":""},"aioseo_notices":[],"_links":{"self":[{"href":"http:\/\/loretahur.net\/filipinas\/wp-json\/wp\/v2\/pages\/236"}],"collection":[{"href":"http:\/\/loretahur.net\/filipinas\/wp-json\/wp\/v2\/pages"}],"about":[{"href":"http:\/\/loretahur.net\/filipinas\/wp-json\/wp\/v2\/types\/page"}],"author":[{"embeddable":true,"href":"http:\/\/loretahur.net\/filipinas\/wp-json\/wp\/v2\/users\/1"}],"replies":[{"embeddable":true,"href":"http:\/\/loretahur.net\/filipinas\/wp-json\/wp\/v2\/comments?post=236"}],"version-history":[{"count":7,"href":"http:\/\/loretahur.net\/filipinas\/wp-json\/wp\/v2\/pages\/236\/revisions"}],"predecessor-version":[{"id":245,"href":"http:\/\/loretahur.net\/filipinas\/wp-json\/wp\/v2\/pages\/236\/revisions\/245"}],"wp:attachment":[{"href":"http:\/\/loretahur.net\/filipinas\/wp-json\/wp\/v2\/media?parent=236"}],"curies":[{"name":"wp","href":"https:\/\/api.w.org\/{rel}","templated":true}]}}