{"id":78,"date":"2017-05-09T23:27:32","date_gmt":"2017-05-09T21:27:32","guid":{"rendered":"http:\/\/loretahur.net\/filipinas\/?page_id=78"},"modified":"2017-05-10T16:58:36","modified_gmt":"2017-05-10T14:58:36","slug":"autora-complices","status":"publish","type":"page","link":"http:\/\/loretahur.net\/filipinas\/autora-complices\/","title":{"rendered":"Autora &#038; c\u00f3mplices"},"content":{"rendered":"<p>Fotograf\u00edas de <a href=\"http:\/\/www.loretahur.net\" target=\"_blank\">Lorena Fern\u00e1ndez \u00c1lvarez<\/a>. A Lorena Fern\u00e1ndez \u00c1lvarez la idea de poder trabajar con m\u00e1quinas deterministas, que a iguales entradas devuelven invariablemente las mismas salidas, la hizo ingeniera. Acabada la carrera descubri\u00f3 que tras toda m\u00e1quina hay una persona impredecible&#8230; y que esa es la mejor parte de la vida. En la actualidad, durante el d\u00eda es directora de identidad digital en la Universidad de Deusto y miembro del Consejo de las Artes y de la Cultura de Gipuzkoa. Por la noche se<br \/>\npone el antifaz digital de @loretahur y rompe techos de cristal en el proyecto feminista Doce Miradas. Tambi\u00e9n le gustan las ondas de la radio, medio con el que colabora desde 2009. Su c\u00e1mara de fotos es un ap\u00e9ndice m\u00e1s de su organismo que le ayuda a captar el alma de otras culturas y gentes.<\/p>\n<p>Edici\u00f3n de <a href=\"http:\/\/afortiori-bilbao.com\" target=\"_blank\">Nati de la Puerta<\/a>. Una de las razones por las que se hizo editora era porque quer\u00eda<br \/>\ntener el \u00abpoder\u00bb de mejorar el mundo a trav\u00e9s de la palabra y de la imagen. Escrutarlo desde el objetivo de una c\u00e1mara es una forma de afilar la mirada, nos convierte en testigos privilegiados de lo que sucede poco m\u00e1s all\u00e1 de nuestras narices, y de alg\u00fan modo nos<br \/>\nhace responsables del devenir de los acontecimientos. Una \u00fanica lente, la de Lorena, nos ha permitido crear algo tan bello como este libro colaborativo, que pondr\u00e1 un gramo de esperanza en un mundo mejor all\u00e1 en Filipinas. Porque creemos que muchos pocos hacen un mucho.<\/p>\n<p>Dibujo de la portada: <a href=\"http:\/\/www.pernangoni.com\/\" target=\"_blank\">Pernan Go\u00f1i<\/a>. <\/p>\n<p>Textos:<\/p>\n<ol>\n<li>Bego\u00f1a Mara\u00f1\u00f3n Unanue. Dejar de quejarme.<\/li>\n<li>Laura Pelegrina Lopez. Regreso.<\/li>\n<li>Xurxo Mari\u00f1o Alfonso. Tr\u00edpodes.<\/li>\n<li>Noem\u00ed Pastor Mart\u00ednez. Una casa junto al mar.<\/li>\n<li>Ana Santos Gonz\u00e1lez. El valor de esperar lo inesperado.<\/li>\n<li>Andrea U\u00f1a Barrientos. Inocenca.<\/li>\n<li>Julen Iturbe-Ormaetxe. Palabras imposibles.<\/li>\n<li>Ana Erostarbe Madrazo. El tif\u00f3n.<\/li>\n<li>Mar\u00eda Puente Izquierdo. Tiempo vivo.<\/li>\n<li>Cristina Juesas Escudero. Un canto a la esperanza.<\/li>\n<li>Fernando Garc\u00eda Pa\u00f1eda. No importa lo que soy, sino lo que ser\u00e9.<\/li>\n<li>Guillermo G\u00f3mez Mu\u00f1oz. La lechera.<\/li>\n<li>Clara Grima Ruiz. La motorela 1729.<\/li>\n<li>Jos\u00e9 Ignacio Tamayo P\u00e9rez. Evelyn.<\/li>\n<li>Pablo M\u00fcller. Las palabras junto al mar.<\/li>\n<li>Guillermo de Jorge. i.<\/li>\n<li>Mariasun Landa. Abandono.<\/li>\n<li>To\u00f1o Fraguas. El gallo.<\/li>\n<li>Jorge Garc\u00eda del Arco. Veo, veo&#8230; y t\u00fa, \u00bfqu\u00e9 ves?<\/li>\n<li>Arantxa Sainz de Murieta. Una luz entre las sombras.<\/li>\n<li>Almudena Cacho Campos. Al borde del camino.<\/li>\n<li>Maider Gorostidi Garc\u00eda. Tiempo sobre ruedas.<\/li>\n<li>Pablo Garaizar Sagarminaga. Cuentas y cuentos.<\/li>\n<li>Nati de la Puerta Rueda. Velas.<\/li>\n<li>Marcos P\u00e9rez Maldonado. Horizontes!!!<\/li>\n<li>Amaia Barrena Garc\u00eda. Una bajita arquitecta.<\/li>\n<li>Guillermo Dorronsoro Artabe. Proas color cobalto.<\/li>\n<li>Macarena Domaica Go\u00f1i. Una torre muy alta.<\/li>\n<li>Juli\u00e1n Borao Garc\u00eda. Atardecer.<\/li>\n<li>Miren Mart\u00edn Maroto. Sue\u00f1os de agua.<\/li>\n<li>Christina Werckmeister Lacarra. Resistencia.<\/li>\n<li>Pilar Kaltzada Gonz\u00e1lez. Todo lo que tenemos est\u00e1 aqu\u00ed, en esta imagen.<\/li>\n<li>Jos\u00e9 Serna Andr\u00e9s. Ondas de luz.<\/li>\n<li>Miryam Artola Dendaluce. Mordiscos.<\/li>\n<li>Juan Pardo Vidal. Incondicional.<\/li>\n<li>Juan Juli\u00e1n Merelo Guerv\u00f3s. Se pas\u00f3 el arroz.<\/li>\n<li>I\u00f1aki Ortiz S\u00f1anchez. Vuestra sonrisa.<\/li>\n<li>Bel\u00e9n Artu\u00f1edo Guill\u00e9n. La mesa.<\/li>\n<li>Ana P\u00e9rez Ca\u00f1amares. Mi casa.<\/li>\n<li>Ana Ribera Garc\u00eda-Rubio. Cottage 26.<\/li>\n<li>Jos\u00e9 Luis Orihuela. Sem\u00e1foro fluvial artesano.<\/li>\n<li>Luisa Etxenike. Buen viaje.<\/li>\n<li>Naiara P\u00e9rez de Villarreal Amilburu. Pasar las horas.<\/li>\n<li>Marta Torre-Mar\u00edn. Tag-lamig.<\/li>\n<li>Ibon Zubiela Mart\u00edn. Ra\u00edces.<\/li>\n<li>Mauro Eiroa. Duri\u00e1n.<\/li>\n<li>Aeberhard D. Hotel aliso rojo en manila.<\/li>\n<li>Juan Guinea D\u00edaz. Se r\u00eden de nosotros.<\/li>\n<li>Eliana Maldonado Cano. Silencio.<\/li>\n<li>Neus Arqu\u00e9s Salvador. Julieta y romeo: tu fe por la m\u00eda.<\/li>\n<li>Julio Gonz\u00e1lez Alonso. Frutas en un mercado de Filipinas.<\/li>\n<li>Txetxu Barandiar\u00e1n. Los sue\u00f1os&#8230; son gratis.<\/li>\n<li>Xabier P. Docampo. Cuatro.<\/li>\n<li>Ferran Fern\u00e1ndez Mu\u00f1oz. [Al\u00e9grate].<\/li>\n<li>Mariluz Congosto Mart\u00ednez. Caminando hacia el futuro, no importa con qu\u00e9 zapatos.<\/li>\n<li>Inma Luna. Ten\u00edamos hambre.<\/li>\n<li>Bego\u00f1a Beristain Garc\u00eda. Soy lo que siento.<\/li>\n<li>Igor Campillo Santos. Un ni\u00f1o de otro mundo.<\/li>\n<li>Lourdes Lancho Navarro. Un mercado.<\/li>\n<li>Txema Garc\u00eda Paredes. Un mundo mejor es matem\u00e1ticamente posible.<\/li>\n<\/ol>\n","protected":false},"excerpt":{"rendered":"<p>Fotograf\u00edas de Lorena Fern\u00e1ndez \u00c1lvarez. A Lorena Fern\u00e1ndez \u00c1lvarez la idea de poder trabajar con m\u00e1quinas deterministas, que a iguales entradas devuelven invariablemente las mismas salidas, la hizo ingeniera. Acabada la carrera descubri\u00f3 que tras toda m\u00e1quina hay una persona impredecible&#8230; y que esa es la mejor parte de la vida. En la actualidad, durante&#8230; <\/p>\n<div class=\"link-more\"><a href=\"http:\/\/loretahur.net\/filipinas\/autora-complices\/\">Lea m\u00e1s<\/a><\/div>\n","protected":false},"author":1,"featured_media":0,"parent":0,"menu_order":0,"comment_status":"open","ping_status":"closed","template":"","meta":{"footnotes":"","twitterCardType":"summary","cardImageID":0,"cardImage":"","cardTitle":"","cardDesc":"","cardImageAlt":"","cardPlayer":"","cardPlayerWidth":0,"cardPlayerHeight":0,"cardPlayerStream":"","cardPlayerCodec":""},"aioseo_notices":[],"_links":{"self":[{"href":"http:\/\/loretahur.net\/filipinas\/wp-json\/wp\/v2\/pages\/78"}],"collection":[{"href":"http:\/\/loretahur.net\/filipinas\/wp-json\/wp\/v2\/pages"}],"about":[{"href":"http:\/\/loretahur.net\/filipinas\/wp-json\/wp\/v2\/types\/page"}],"author":[{"embeddable":true,"href":"http:\/\/loretahur.net\/filipinas\/wp-json\/wp\/v2\/users\/1"}],"replies":[{"embeddable":true,"href":"http:\/\/loretahur.net\/filipinas\/wp-json\/wp\/v2\/comments?post=78"}],"version-history":[{"count":10,"href":"http:\/\/loretahur.net\/filipinas\/wp-json\/wp\/v2\/pages\/78\/revisions"}],"predecessor-version":[{"id":106,"href":"http:\/\/loretahur.net\/filipinas\/wp-json\/wp\/v2\/pages\/78\/revisions\/106"}],"wp:attachment":[{"href":"http:\/\/loretahur.net\/filipinas\/wp-json\/wp\/v2\/media?parent=78"}],"curies":[{"name":"wp","href":"https:\/\/api.w.org\/{rel}","templated":true}]}}