{"id":2,"date":"2008-03-01T16:51:52","date_gmt":"2008-03-01T15:51:52","guid":{"rendered":""},"modified":"2010-03-21T20:13:34","modified_gmt":"2010-03-21T19:13:34","slug":"about","status":"publish","type":"page","link":"http:\/\/loretahur.net\/silencio\/about\/","title":{"rendered":"Qu\u00e9 es silencio"},"content":{"rendered":"<p>La m\u00fasica es una combinaci\u00f3n coherente de sonidos y silencios. Aqu\u00ed intentar\u00e9 recopilar todas esas canciones que hacen que merezca la pena romper ese silencio. <\/p>\n<p>Se trata de un spin-off de <a href=\"http:\/\/blog.loretahur.net\" title=\"El Blog de Loretahur\">El Blog de Loretahur<\/a>.<\/p>\n<blockquote><p>Despu\u00e9s del <strong>silencio<\/strong>, lo que m\u00e1s se acerca a expresar lo inexpresable es la m\u00fasica. <em>Aldous Huxley<\/em><\/p>\n<p><strong>Silencio<\/strong>: espacio reducido entre ruido. El cual debidamente ordenado nos hace sentir montones de emociones. En silencio uno descansa. Y con la m\u00fasica se relaja. <em><a href=\"http:\/\/aitzkorriganeko.blogspot.com\/\">Larri<\/a><\/em><\/p>\n<p>Cuando hables, procura que tus palabras sean mejores que el <strong>silencio<\/strong>. <em>Proverbio Hind\u00fa<\/em><\/p>\n<p>El <strong>silencio<\/strong> es infinito como el movimiento, no tiene l\u00edmites. Para m\u00ed, los l\u00edmites los pone la palabra. <em>Marcel Marceau<\/em><\/p>\n<p>Manejar el <strong>silencio<\/strong> es m\u00e1s dif\u00edcil que manejar la palabra. <em>George Clemenceau<\/em><\/p>\n<p>Se necesitan dos a\u00f1os para aprender a hablar y sesenta para aprender a callar. <em>Ernest Hemingway<\/em><\/p>\n<blockquote>\n","protected":false},"excerpt":{"rendered":"<p>La m\u00fasica es una combinaci\u00f3n coherente de sonidos y silencios. Aqu\u00ed intentar\u00e9 recopilar todas esas canciones que hacen que merezca la pena romper ese silencio. Se trata de un spin-off de El Blog de Loretahur. Despu\u00e9s del silencio, lo que m\u00e1s se acerca a expresar lo inexpresable es la m\u00fasica. Aldous Huxley Silencio: espacio reducido [&hellip;]<\/p>\n","protected":false},"author":2,"featured_media":0,"parent":0,"menu_order":0,"comment_status":"closed","ping_status":"closed","template":"","meta":{"footnotes":""},"_links":{"self":[{"href":"http:\/\/loretahur.net\/silencio\/wp-json\/wp\/v2\/pages\/2"}],"collection":[{"href":"http:\/\/loretahur.net\/silencio\/wp-json\/wp\/v2\/pages"}],"about":[{"href":"http:\/\/loretahur.net\/silencio\/wp-json\/wp\/v2\/types\/page"}],"author":[{"embeddable":true,"href":"http:\/\/loretahur.net\/silencio\/wp-json\/wp\/v2\/users\/2"}],"replies":[{"embeddable":true,"href":"http:\/\/loretahur.net\/silencio\/wp-json\/wp\/v2\/comments?post=2"}],"version-history":[{"count":1,"href":"http:\/\/loretahur.net\/silencio\/wp-json\/wp\/v2\/pages\/2\/revisions"}],"predecessor-version":[{"id":1528,"href":"http:\/\/loretahur.net\/silencio\/wp-json\/wp\/v2\/pages\/2\/revisions\/1528"}],"wp:attachment":[{"href":"http:\/\/loretahur.net\/silencio\/wp-json\/wp\/v2\/media?parent=2"}],"curies":[{"name":"wp","href":"https:\/\/api.w.org\/{rel}","templated":true}]}}